{"id":2,"date":"2024-07-08T21:37:28","date_gmt":"2024-07-08T19:37:28","guid":{"rendered":"https:\/\/zur-weissen-lilie.de\/?page_id=2"},"modified":"2025-09-06T10:39:20","modified_gmt":"2025-09-06T08:39:20","slug":"einstieg","status":"publish","type":"page","link":"https:\/\/zur-weissen-lilie.de\/?page_id=2","title":{"rendered":"Zur-Weissen-Lilie.de"},"content":{"rendered":"\n<pre class=\"wp-block-code\"><code>Liebe Besucher,\nherzlich willkommen auf der Website\nder Loge\n\u201eZur Weissen Lilie\u201c.\nAuf den folgenden Seiten k\u00f6nnen Sie sich einen kurzen \u00dcberblick \u00fcber unsere Bauh\u00fctte verschaffen.Dar\u00fcber hinaus lade ich Sie gerne ein, mit uns in Kontakt zu treten.Es gr\u00fc\u00dft Sie herzlich\nIhr\nDominik D\u00fcker \nMeister vom Stuhl\n\n<a href=\"https:\/\/zur-weissen-lilie.de\/?page_id=271\" data-type=\"page\" data-id=\"271\">Link zum Arbeitsplan<\/a><\/code><\/pre>\n\n\n\n<p><\/p>\n","protected":false},"excerpt":{"rendered":"","protected":false},"author":1,"featured_media":196,"parent":0,"menu_order":0,"comment_status":"closed","ping_status":"closed","template":"page-no-title","meta":{"footnotes":""},"class_list":["post-2","page","type-page","status-publish","has-post-thumbnail","hentry"],"_links":{"self":[{"href":"https:\/\/zur-weissen-lilie.de\/index.php?rest_route=\/wp\/v2\/pages\/2","targetHints":{"allow":["GET"]}}],"collection":[{"href":"https:\/\/zur-weissen-lilie.de\/index.php?rest_route=\/wp\/v2\/pages"}],"about":[{"href":"https:\/\/zur-weissen-lilie.de\/index.php?rest_route=\/wp\/v2\/types\/page"}],"author":[{"embeddable":true,"href":"https:\/\/zur-weissen-lilie.de\/index.php?rest_route=\/wp\/v2\/users\/1"}],"replies":[{"embeddable":true,"href":"https:\/\/zur-weissen-lilie.de\/index.php?rest_route=%2Fwp%2Fv2%2Fcomments&post=2"}],"version-history":[{"count":6,"href":"https:\/\/zur-weissen-lilie.de\/index.php?rest_route=\/wp\/v2\/pages\/2\/revisions"}],"predecessor-version":[{"id":482,"href":"https:\/\/zur-weissen-lilie.de\/index.php?rest_route=\/wp\/v2\/pages\/2\/revisions\/482"}],"wp:featuredmedia":[{"embeddable":true,"href":"https:\/\/zur-weissen-lilie.de\/index.php?rest_route=\/wp\/v2\/media\/196"}],"wp:attachment":[{"href":"https:\/\/zur-weissen-lilie.de\/index.php?rest_route=%2Fwp%2Fv2%2Fmedia&parent=2"}],"curies":[{"name":"wp","href":"https:\/\/api.w.org\/{rel}","templated":true}]}}