{"id":161,"date":"2024-08-24T22:31:32","date_gmt":"2024-08-24T20:31:32","guid":{"rendered":"https:\/\/zur-weissen-lilie.de\/?page_id=161"},"modified":"2024-08-25T22:38:34","modified_gmt":"2024-08-25T20:38:34","slug":"mitgliedschaft","status":"publish","type":"page","link":"https:\/\/zur-weissen-lilie.de\/?page_id=161","title":{"rendered":"Mitgliedschaft"},"content":{"rendered":"\n<p><span class=\"fs20\"><span class=\"ff1 cf0\"><b>Wer kann Mitglied werden?<br><br><\/b><\/span>Die Mitgliedschaft in einer Freimaurerloge kann die T\u00fcr zu einem neuen Leben, wenigstens aber zu einem neuen Lebensgef\u00fchl \u00a0\u00f6ffnen.<br><br>Den Alten Pflichten von 1723 zufolge kann traditionell jeder &#8220;freie Mann von gutem Ruf&#8221; sich einer Loge anschlie\u00dfen. Heute versteht man darunter einen Mann mit einem ordentlichen Ruf, der willens und in der Lage ist, seine Entscheidungen frei zu treffen und sein Leben selbst zu bestimmen. Konfession und Nationalit\u00e4t sind f\u00fcr unsere Loge ohne Belang.<br><br>Wenn Sie interessiert an einer Kontaktaufnahme sind, oder wenn Sie als Gast an einem unserer Treffen teilnehmen m\u00f6chten, dann teilen Sie uns \u00a0dies bitte \u00fcber unser Kontaktformular im Men\u00fc mit. <br><br>Sie haben aber auch die M\u00f6glichkeit, sich per Email unter der Adresse <a href=\"mailto:sekretaer@zur-weissen-lilie.de\" target=\"_blank\" rel=\"noreferrer noopener nofollow\">sekretaer@zur-weissen-lilie.de<\/a> <span class=\"cf0\">an den Sekret\u00e4r unserer Loge zu wenden. Sie werden schnellstm\u00f6glich eine Antwort bekommen.<\/span><\/span><\/p>\n\n\n\n<p><\/p>\n","protected":false},"excerpt":{"rendered":"<p>Wer kann Mitglied werden? Die Mitgliedschaft in einer Freimaurerloge kann die T\u00fcr zu einem neuen Leben, wenigstens aber zu einem neuen Lebensgef\u00fchl \u00a0\u00f6ffnen. Den Alten Pflichten von 1723 zufolge kann traditionell jeder &#8220;freie Mann von gutem Ruf&#8221; sich einer Loge anschlie\u00dfen. Heute versteht man darunter einen Mann mit einem ordentlichen Ruf, der willens und in [&hellip;]<\/p>\n","protected":false},"author":1,"featured_media":189,"parent":2,"menu_order":0,"comment_status":"closed","ping_status":"closed","template":"","meta":{"footnotes":""},"class_list":["post-161","page","type-page","status-publish","has-post-thumbnail","hentry"],"_links":{"self":[{"href":"https:\/\/zur-weissen-lilie.de\/index.php?rest_route=\/wp\/v2\/pages\/161","targetHints":{"allow":["GET"]}}],"collection":[{"href":"https:\/\/zur-weissen-lilie.de\/index.php?rest_route=\/wp\/v2\/pages"}],"about":[{"href":"https:\/\/zur-weissen-lilie.de\/index.php?rest_route=\/wp\/v2\/types\/page"}],"author":[{"embeddable":true,"href":"https:\/\/zur-weissen-lilie.de\/index.php?rest_route=\/wp\/v2\/users\/1"}],"replies":[{"embeddable":true,"href":"https:\/\/zur-weissen-lilie.de\/index.php?rest_route=%2Fwp%2Fv2%2Fcomments&post=161"}],"version-history":[{"count":2,"href":"https:\/\/zur-weissen-lilie.de\/index.php?rest_route=\/wp\/v2\/pages\/161\/revisions"}],"predecessor-version":[{"id":163,"href":"https:\/\/zur-weissen-lilie.de\/index.php?rest_route=\/wp\/v2\/pages\/161\/revisions\/163"}],"up":[{"embeddable":true,"href":"https:\/\/zur-weissen-lilie.de\/index.php?rest_route=\/wp\/v2\/pages\/2"}],"wp:featuredmedia":[{"embeddable":true,"href":"https:\/\/zur-weissen-lilie.de\/index.php?rest_route=\/wp\/v2\/media\/189"}],"wp:attachment":[{"href":"https:\/\/zur-weissen-lilie.de\/index.php?rest_route=%2Fwp%2Fv2%2Fmedia&parent=161"}],"curies":[{"name":"wp","href":"https:\/\/api.w.org\/{rel}","templated":true}]}}