{"id":156,"date":"2024-08-24T22:20:01","date_gmt":"2024-08-24T20:20:01","guid":{"rendered":"https:\/\/zur-weissen-lilie.de\/?page_id=156"},"modified":"2024-08-24T22:20:01","modified_gmt":"2024-08-24T20:20:01","slug":"entwicklung","status":"publish","type":"page","link":"https:\/\/zur-weissen-lilie.de\/?page_id=156","title":{"rendered":"Entwicklung"},"content":{"rendered":"<div id=\"imCellStyle_3\">\n<div id=\"imTextObject_3_tab0\" class=\"text-tab-content\">\n<div class=\"text-inner\">\n<p><span class=\"cf1 fs20 ff1\">Die Realisierung der selbst gestellten Aufgabe, in die Pfadfinderb\u00fcnde hineinzuwirken und als Br\u00fccke zwischen Jugend-<wbr \/> und M\u00e4nnerbund zu fungieren, gestaltete sich aus unterschiedlichen Gr\u00fcnden von Anfang an problematisch und wurde nach langwierigen Debatten schlie\u00dflich aufgegeben.<\/p>\n<p>Damit war die urspr\u00fcngliche \u201ePfadfinderloge&#8221; endg\u00fcltig zur Freimaurerloge geworden.<\/p>\n<p>Ein anderer, fr\u00fch begonnener Aktionszweig der Weissen Lilie, internationale Beziehungen anzustreben und zu unterhalten, hat hingegen bis heute Bestand. Diese erstrecken sich inzwischen \u00fcber die Niederlande, Frankreich, Bosnien-<wbr \/>Herzegowina und Finnland.<\/p>\n<p>Die heute ca. 50 Mitglieder unserer Bauh\u00fctte sind \u00fcberwiegend in allen Teilen Deutschlands, aber auch im benachbarten europ\u00e4ischen Ausland und dar\u00fcber hinaus beheimatet.<\/span><\/p>\n<p><span class=\"fs20 ff1 cf0\"><br \/>\n<\/span><\/p>\n<\/div>\n<\/div>\n<\/div>\n","protected":false},"excerpt":{"rendered":"<p>Die Realisierung der selbst gestellten Aufgabe, in die Pfadfinderb\u00fcnde hineinzuwirken und als Br\u00fccke zwischen Jugend- und M\u00e4nnerbund zu fungieren, gestaltete sich aus unterschiedlichen Gr\u00fcnden von Anfang an problematisch und wurde nach langwierigen Debatten schlie\u00dflich aufgegeben. Damit war die urspr\u00fcngliche \u201ePfadfinderloge&#8221; endg\u00fcltig zur Freimaurerloge geworden. Ein anderer, fr\u00fch begonnener Aktionszweig der Weissen Lilie, internationale Beziehungen anzustreben [&hellip;]<\/p>\n","protected":false},"author":1,"featured_media":0,"parent":2,"menu_order":0,"comment_status":"closed","ping_status":"closed","template":"","meta":{"footnotes":""},"class_list":["post-156","page","type-page","status-publish","hentry"],"_links":{"self":[{"href":"https:\/\/zur-weissen-lilie.de\/index.php?rest_route=\/wp\/v2\/pages\/156","targetHints":{"allow":["GET"]}}],"collection":[{"href":"https:\/\/zur-weissen-lilie.de\/index.php?rest_route=\/wp\/v2\/pages"}],"about":[{"href":"https:\/\/zur-weissen-lilie.de\/index.php?rest_route=\/wp\/v2\/types\/page"}],"author":[{"embeddable":true,"href":"https:\/\/zur-weissen-lilie.de\/index.php?rest_route=\/wp\/v2\/users\/1"}],"replies":[{"embeddable":true,"href":"https:\/\/zur-weissen-lilie.de\/index.php?rest_route=%2Fwp%2Fv2%2Fcomments&post=156"}],"version-history":[{"count":2,"href":"https:\/\/zur-weissen-lilie.de\/index.php?rest_route=\/wp\/v2\/pages\/156\/revisions"}],"predecessor-version":[{"id":158,"href":"https:\/\/zur-weissen-lilie.de\/index.php?rest_route=\/wp\/v2\/pages\/156\/revisions\/158"}],"up":[{"embeddable":true,"href":"https:\/\/zur-weissen-lilie.de\/index.php?rest_route=\/wp\/v2\/pages\/2"}],"wp:attachment":[{"href":"https:\/\/zur-weissen-lilie.de\/index.php?rest_route=%2Fwp%2Fv2%2Fmedia&parent=156"}],"curies":[{"name":"wp","href":"https:\/\/api.w.org\/{rel}","templated":true}]}}