{"id":129,"date":"2024-08-24T19:11:29","date_gmt":"2024-08-24T17:11:29","guid":{"rendered":"https:\/\/zur-weissen-lilie.de\/?page_id=129"},"modified":"2025-09-06T10:24:05","modified_gmt":"2025-09-06T08:24:05","slug":"impressum","status":"publish","type":"page","link":"https:\/\/zur-weissen-lilie.de\/?page_id=129","title":{"rendered":"Impressum"},"content":{"rendered":"\n<p>Homepage der Loge Zur Weissen Lilie<\/p>\n\n\n\n<p>Verantwortlich<\/p>\n\n\n\n<p>Dominik D\u00fcker<br>Email: Sekretaer@zur-weissen-lilie.de<\/p>\n\n\n\n<p>Inhaltlich Verantwortlicher gem\u00e4\u00df \u00a7 6 MDStV:<\/p>\n\n\n\n<p>Dominik D\u00fcker<\/p>\n\n\n\n<p><\/p>\n\n\n\n<p>Haftung f\u00fcr Inhalte<\/p>\n\n\n\n<p>Als Diensteanbieter sind wir f\u00fcr eigene Inhalte auf diesen Seiten nach den allgemeinen Gesetzen verantwortlich (gem\u00e4\u00df \u00a7 7 Abs.1 TMG). Wir sind als Diensteanbieter jedoch nicht verpflichtet, \u00fcbermittelte oder gespeicherte fremde Informationen zu \u00fcberwachen oder nach Umst\u00e4nden zu forschen, die auf eine rechtswidrige T\u00e4tigkeit hinweisen (\u00a78 bis \u00a710 TMG). Hiervon unber\u00fchrt bleiben Verpflichtungen zur Entfernung oder Sperrung der Nutzung von Informationen nach den allgemeinen Gesetzen. Eine diesbez\u00fcgliche Haftung ist jedoch erst ab dem Zeitpunkt der Kenntnis einer konkreten Rechtsverletzung m\u00f6glich. Bei Bekanntwerden von entsprechenden Rechtsverletzungen werden wir diese Inhalte umgehend entfernen.<\/p>\n\n\n\n<p>Haftung f\u00fcr Links<\/p>\n\n\n\n<p>Unser Angebot enth\u00e4lt Links zu externen Websites Dritter, auf deren Inhalte wir keinen Einfluss haben. Deshalb k\u00f6nnen wir f\u00fcr diese fremden Inhalte auch keine Gew\u00e4hr \u00fcbernehmen. F\u00fcr die Inhalte der verlinkten Seiten ist stets der jeweilige Anbieter oder Betreiber der Seiten verantwortlich. Die verlinkten Seiten wurden zum Zeitpunkt der Verlinkung auf m\u00f6gliche Rechtsverst\u00f6\u00dfe \u00fcberpr\u00fcft. Rechtswidrige Inhalte waren zum Zeitpunkt der Verlinkung nicht erkennbar. Eine permanente inhaltliche Kontrolle der verlinkten Seiten ist jedoch ohne konkrete Anhaltspunkte einer Rechtsverletzung nicht zumutbar. Bei Bekanntwerden von Rechtsverletzungen werden wir derartige Links umgehend entfernen.<br><\/p>\n\n\n\n<p>\u00c4nderungen:<\/p>\n\n\n\n<p>\u00c4nderungen dieser Erkl\u00e4rung, Aktualisierungen oder \u00c4nderungen der Bedingungen zur Online-Datenschutzerkl\u00e4rung stellen wir unter Aktualisierung des Datums des Dokuments bereit. Sie wissen damit zu jeder Zeit, ob und welche Daten wir online erfassen, wie diese verwendet werden und welche Optionen Sie haben.<\/p>\n","protected":false},"excerpt":{"rendered":"<p>Homepage der Loge Zur Weissen Lilie Verantwortlich Dominik D\u00fckerEmail: Sekretaer@zur-weissen-lilie.de Inhaltlich Verantwortlicher gem\u00e4\u00df \u00a7 6 MDStV: Dominik D\u00fcker Haftung f\u00fcr Inhalte Als Diensteanbieter sind wir f\u00fcr eigene Inhalte auf diesen Seiten nach den allgemeinen Gesetzen verantwortlich (gem\u00e4\u00df \u00a7 7 Abs.1 TMG). Wir sind als Diensteanbieter jedoch nicht verpflichtet, \u00fcbermittelte oder gespeicherte fremde Informationen zu \u00fcberwachen [&hellip;]<\/p>\n","protected":false},"author":1,"featured_media":0,"parent":2,"menu_order":0,"comment_status":"closed","ping_status":"closed","template":"","meta":{"footnotes":""},"class_list":["post-129","page","type-page","status-publish","hentry"],"_links":{"self":[{"href":"https:\/\/zur-weissen-lilie.de\/index.php?rest_route=\/wp\/v2\/pages\/129","targetHints":{"allow":["GET"]}}],"collection":[{"href":"https:\/\/zur-weissen-lilie.de\/index.php?rest_route=\/wp\/v2\/pages"}],"about":[{"href":"https:\/\/zur-weissen-lilie.de\/index.php?rest_route=\/wp\/v2\/types\/page"}],"author":[{"embeddable":true,"href":"https:\/\/zur-weissen-lilie.de\/index.php?rest_route=\/wp\/v2\/users\/1"}],"replies":[{"embeddable":true,"href":"https:\/\/zur-weissen-lilie.de\/index.php?rest_route=%2Fwp%2Fv2%2Fcomments&post=129"}],"version-history":[{"count":4,"href":"https:\/\/zur-weissen-lilie.de\/index.php?rest_route=\/wp\/v2\/pages\/129\/revisions"}],"predecessor-version":[{"id":481,"href":"https:\/\/zur-weissen-lilie.de\/index.php?rest_route=\/wp\/v2\/pages\/129\/revisions\/481"}],"up":[{"embeddable":true,"href":"https:\/\/zur-weissen-lilie.de\/index.php?rest_route=\/wp\/v2\/pages\/2"}],"wp:attachment":[{"href":"https:\/\/zur-weissen-lilie.de\/index.php?rest_route=%2Fwp%2Fv2%2Fmedia&parent=129"}],"curies":[{"name":"wp","href":"https:\/\/api.w.org\/{rel}","templated":true}]}}